{"id":5740,"date":"2019-08-12T12:52:55","date_gmt":"2019-08-12T11:52:55","guid":{"rendered":"https:\/\/guitarrasdamadebaza.com\/contact\/"},"modified":"2023-05-10T17:30:45","modified_gmt":"2023-05-10T16:30:45","slug":"contact","status":"publish","type":"page","link":"https:\/\/guitarrasdamadebaza.com\/en\/contact\/","title":{"rendered":"Contact"},"content":{"rendered":"\t\t<div data-elementor-type=\"wp-page\" data-elementor-id=\"5740\" class=\"elementor elementor-5740 elementor-824\">\n\t\t\t\t\t\t\t\t\t<section class=\"elementor-section elementor-top-section elementor-element elementor-element-a2fd849 elementor-section-full_width elementor-section-height-default elementor-section-height-default mkdf-parallax-row-no mkdf-content-aligment-left mkdf-row-grid-no mkdf-disabled-bg-image-bellow-no\" data-id=\"a2fd849\" data-element_type=\"section\" data-settings=\"{&quot;background_background&quot;:&quot;classic&quot;}\">\n\t\t\t\t\t\t<div class=\"elementor-container elementor-column-gap-default\">\n\t\t\t\t\t<div class=\"elementor-column elementor-col-100 elementor-top-column elementor-element elementor-element-b855cb8\" data-id=\"b855cb8\" data-element_type=\"column\">\n\t\t\t<div class=\"elementor-widget-wrap elementor-element-populated\">\n\t\t\t\t\t\t\t\t<section class=\"elementor-section elementor-inner-section elementor-element elementor-element-78503cd mkdf-row-grid-section elementor-section-boxed elementor-section-height-default elementor-section-height-default mkdf-parallax-row-no mkdf-content-aligment-left mkdf-disabled-bg-image-bellow-no\" data-id=\"78503cd\" data-element_type=\"section\" data-settings=\"{&quot;background_background&quot;:&quot;classic&quot;}\">\n\t\t\t\t\t\t<div class=\"elementor-container elementor-column-gap-default\">\n\t\t\t\t\t<div class=\"elementor-column elementor-col-25 elementor-inner-column elementor-element elementor-element-d348c54 elementor-hidden-tablet elementor-hidden-mobile\" data-id=\"d348c54\" data-element_type=\"column\">\n\t\t\t<div class=\"elementor-widget-wrap\">\n\t\t\t\t\t\t\t\t\t<\/div>\n\t\t<\/div>\n\t\t\t\t<div class=\"elementor-column elementor-col-25 elementor-inner-column elementor-element elementor-element-b28586c\" data-id=\"b28586c\" data-element_type=\"column\">\n\t\t\t<div class=\"elementor-widget-wrap elementor-element-populated\">\n\t\t\t\t\t\t\t\t<div class=\"elementor-element elementor-element-0228f38 elementor-widget elementor-widget-text-editor\" data-id=\"0228f38\" data-element_type=\"widget\" data-widget_type=\"text-editor.default\">\n\t\t\t\t<div class=\"elementor-widget-container\">\n\t\t\t<style>\/*! elementor - v3.10.2 - 29-01-2023 *\/\n.elementor-widget-text-editor.elementor-drop-cap-view-stacked .elementor-drop-cap{background-color:#818a91;color:#fff}.elementor-widget-text-editor.elementor-drop-cap-view-framed .elementor-drop-cap{color:#818a91;border:3px solid;background-color:transparent}.elementor-widget-text-editor:not(.elementor-drop-cap-view-default) .elementor-drop-cap{margin-top:8px}.elementor-widget-text-editor:not(.elementor-drop-cap-view-default) .elementor-drop-cap-letter{width:1em;height:1em}.elementor-widget-text-editor .elementor-drop-cap{float:left;text-align:center;line-height:1;font-size:50px}.elementor-widget-text-editor .elementor-drop-cap-letter{display:inline-block}<\/style>\t\t\t\t<h3 style=\"text-align: center;\"><strong>Workshop in Baza<\/strong><\/h3>\t\t\t\t\t\t<\/div>\n\t\t\t\t<\/div>\n\t\t\t\t<div class=\"elementor-element elementor-element-7f80664 mkdf-link-colors-inverted elementor-widget elementor-widget-text-editor\" data-id=\"7f80664\" data-element_type=\"widget\" data-widget_type=\"text-editor.default\">\n\t\t\t\t<div class=\"elementor-widget-container\">\n\t\t\t\t\t\t\t<p style=\"line-height: 1.5em; margin-bottom: -12px; text-align: left;\"><strong>Location:<\/strong> Calle Agua, 22<\/p><p style=\"line-height: 1.5em; margin-bottom: -12px; text-align: left;\"><strong>E-mail<\/strong>: <a href=\"mailto:info@guitarrasdamadebaza.es.com\">info@guitarrasdamadebaza.es<\/a><\/p><p style=\"line-height: 1.5em; margin-bottom: -12px; text-align: left;\"><strong>Phone<\/strong>: 600 204 710 \/ 958 700 783<\/p>\t\t\t\t\t\t<\/div>\n\t\t\t\t<\/div>\n\t\t\t\t\t<\/div>\n\t\t<\/div>\n\t\t\t\t<div class=\"elementor-column elementor-col-25 elementor-inner-column elementor-element elementor-element-00b0865\" data-id=\"00b0865\" data-element_type=\"column\">\n\t\t\t<div class=\"elementor-widget-wrap elementor-element-populated\">\n\t\t\t\t\t\t\t\t<div class=\"elementor-element elementor-element-ddd1da0 elementor-widget elementor-widget-text-editor\" data-id=\"ddd1da0\" data-element_type=\"widget\" data-widget_type=\"text-editor.default\">\n\t\t\t\t<div class=\"elementor-widget-container\">\n\t\t\t\t\t\t\t<h3 style=\"text-align: center;\"><strong>Schedule<\/strong><\/h3>\t\t\t\t\t\t<\/div>\n\t\t\t\t<\/div>\n\t\t\t\t<div class=\"elementor-element elementor-element-7f52a5e mkdf-link-colors-inverted elementor-widget elementor-widget-text-editor\" data-id=\"7f52a5e\" data-element_type=\"widget\" data-widget_type=\"text-editor.default\">\n\t\t\t\t<div class=\"elementor-widget-container\">\n\t\t\t\t\t\t\t<p style=\"line-height: 1.5em; margin-bottom: -12px; text-align: center;\"><strong>Monday to Friday<\/strong>: 10h to 13:30h | 17h to 20:15h.<\/p><p style=\"line-height: 1.5em; margin-bottom: -12px; text-align: center;\"><strong>Saturday:<\/strong>10h to 13:30h<\/p>\t\t\t\t\t\t<\/div>\n\t\t\t\t<\/div>\n\t\t\t\t\t<\/div>\n\t\t<\/div>\n\t\t\t\t<div class=\"elementor-column elementor-col-25 elementor-inner-column elementor-element elementor-element-f5ade84 elementor-hidden-tablet elementor-hidden-mobile\" data-id=\"f5ade84\" data-element_type=\"column\">\n\t\t\t<div class=\"elementor-widget-wrap\">\n\t\t\t\t\t\t\t\t\t<\/div>\n\t\t<\/div>\n\t\t\t\t\t\t\t<\/div>\n\t\t<\/section>\n\t\t\t\t\t<\/div>\n\t\t<\/div>\n\t\t\t\t\t\t\t<\/div>\n\t\t<\/section>\n\t\t\t\t<section class=\"elementor-section elementor-top-section elementor-element elementor-element-c47740d elementor-section-full_width elementor-section-height-default elementor-section-height-default mkdf-parallax-row-no mkdf-content-aligment-left mkdf-row-grid-no mkdf-disabled-bg-image-bellow-no\" data-id=\"c47740d\" data-element_type=\"section\" data-settings=\"{&quot;background_background&quot;:&quot;classic&quot;}\">\n\t\t\t\t\t\t<div class=\"elementor-container elementor-column-gap-default\">\n\t\t\t\t\t<div class=\"elementor-column elementor-col-50 elementor-top-column elementor-element elementor-element-34f90b9\" data-id=\"34f90b9\" data-element_type=\"column\" data-settings=\"{&quot;background_background&quot;:&quot;classic&quot;}\">\n\t\t\t<div class=\"elementor-widget-wrap elementor-element-populated\">\n\t\t\t\t\t\t\t\t<div class=\"elementor-element elementor-element-24a8361 elementor-widget elementor-widget-mkdf_section_title\" data-id=\"24a8361\" data-element_type=\"widget\" data-widget_type=\"mkdf_section_title.default\">\n\t\t\t\t<div class=\"elementor-widget-container\">\n\t\t\t<div class=\"mkdf-section-title-holder  mkdf-st-top-tagline-position   \" >\n\t<div class=\"mkdf-st-inner\">\n\t\t\t\t\t\t\t<span class=\"mkdf-st-tagline\" style=\"color: #E5E5E5\">\n\t\t\t\tArtisans and dedication\t\t\t<\/span>\n\t\t\t\t\t\t\t<h2 class=\"mkdf-st-title\" >\n\t\t\t\tAsk us about our services\t\t\t<\/h2>\n\t\t\t\t\t\t\t<h5 class=\"mkdf-st-subtitle\" >\n\t\t\t\tContact us through the following form, we will answer as soon as possible. If you wish, you can also use our other means of communication: email and telephone.\t\t\t<\/h5>\n\t\t\t\t\t\t\t\t\t\t\t<\/div>\n<\/div>\t\t<\/div>\n\t\t\t\t<\/div>\n\t\t\t\t<div class=\"elementor-element elementor-element-2dd3933 elementor-widget elementor-widget-mkdf_cf7\" data-id=\"2dd3933\" data-element_type=\"widget\" data-widget_type=\"mkdf_cf7.default\">\n\t\t\t\t<div class=\"elementor-widget-container\">\n\t\t\t    \n<div class=\"wpcf7 no-js\" id=\"wpcf7-f5827-o1\" lang=\"es-ES\" dir=\"ltr\">\n<div class=\"screen-reader-response\"><p role=\"status\" aria-live=\"polite\" aria-atomic=\"true\"><\/p> <ul><\/ul><\/div>\n<form action=\"\/en\/wp-json\/wp\/v2\/pages\/5740#wpcf7-f5827-o1\" method=\"post\" class=\"wpcf7-form init cf7_custom_style_2\" aria-label=\"Formulario de contacto\" novalidate=\"novalidate\" data-status=\"init\">\n<div style=\"display: none;\">\n<input type=\"hidden\" name=\"_wpcf7\" value=\"5827\" \/>\n<input type=\"hidden\" name=\"_wpcf7_version\" value=\"5.7.3\" \/>\n<input type=\"hidden\" name=\"_wpcf7_locale\" value=\"es_ES\" \/>\n<input type=\"hidden\" name=\"_wpcf7_unit_tag\" value=\"wpcf7-f5827-o1\" \/>\n<input type=\"hidden\" name=\"_wpcf7_container_post\" value=\"0\" \/>\n<input type=\"hidden\" name=\"_wpcf7_posted_data_hash\" value=\"\" \/>\n<input type=\"hidden\" name=\"_wpcf7_recaptcha_response\" value=\"\" \/>\n<\/div>\n<p><label> Name<br \/>\n<span class=\"wpcf7-form-control-wrap\" data-name=\"nombre\"><input size=\"40\" class=\"wpcf7-form-control wpcf7-text wpcf7-validates-as-required\" autocomplete=\"nombre\" aria-required=\"true\" aria-invalid=\"false\" value=\"\" type=\"text\" name=\"nombre\" \/><\/span> <\/label>\n<\/p>\n<p><label> Email<br \/>\n<span class=\"wpcf7-form-control-wrap\" data-name=\"email\"><input size=\"40\" class=\"wpcf7-form-control wpcf7-text wpcf7-email wpcf7-validates-as-required wpcf7-validates-as-email\" autocomplete=\"email\" aria-required=\"true\" aria-invalid=\"false\" value=\"\" type=\"email\" name=\"email\" \/><\/span> <\/label>\n<\/p>\n<p><label> Subject<br \/>\n<span class=\"wpcf7-form-control-wrap\" data-name=\"asunto\"><input size=\"40\" class=\"wpcf7-form-control wpcf7-text wpcf7-validates-as-required\" aria-required=\"true\" aria-invalid=\"false\" value=\"\" type=\"text\" name=\"asunto\" \/><\/span> <\/label>\n<\/p>\n<p><label> Write your message<br \/>\n<span class=\"wpcf7-form-control-wrap\" data-name=\"mensaje\"><textarea cols=\"40\" rows=\"10\" class=\"wpcf7-form-control wpcf7-textarea wpcf7-validates-as-required\" aria-required=\"true\" aria-invalid=\"false\" name=\"mensaje\"><\/textarea><\/span> <\/label>\n<\/p>\n<p><button class=\"wpcf7-form-control wpcf7-submit mkdf-btn mkdf-btn-medium mkdf-btn-solid\" type=\"submit\"><span class=\"mkdf-btn-text\">Send<\/span><\/button>\n<\/p><div class=\"wpcf7-response-output\" aria-hidden=\"true\"><\/div>\n<\/form>\n<\/div>\n\t\t<\/div>\n\t\t\t\t<\/div>\n\t\t\t\t\t<\/div>\n\t\t<\/div>\n\t\t\t\t<div class=\"elementor-column elementor-col-50 elementor-top-column elementor-element elementor-element-1912fdd\" data-id=\"1912fdd\" data-element_type=\"column\">\n\t\t\t<div class=\"elementor-widget-wrap elementor-element-populated\">\n\t\t\t\t\t\t\t\t<div class=\"elementor-element elementor-element-2675e49 elementor-widget elementor-widget-google_maps\" data-id=\"2675e49\" data-element_type=\"widget\" data-widget_type=\"google_maps.default\">\n\t\t\t\t<div class=\"elementor-widget-container\">\n\t\t\t<style>\/*! elementor - v3.10.2 - 29-01-2023 *\/\n.elementor-widget-google_maps .elementor-widget-container{overflow:hidden}.elementor-widget-google_maps iframe{height:300px}<\/style>\t\t<div class=\"elementor-custom-embed\">\n\t\t\t<iframe loading=\"lazy\"\n\t\t\t\t\tsrc=\"https:\/\/maps.google.com\/maps?q=C.%20Agua%2C%202218800%20Baza%2C%20Granada&#038;t=m&#038;z=16&#038;output=embed&#038;iwloc=near\"\n\t\t\t\t\ttitle=\"C. Agua, 2218800 Baza, Granada\"\n\t\t\t\t\taria-label=\"C. Agua, 2218800 Baza, Granada\"\n\t\t\t><\/iframe>\n\t\t<\/div>\n\t\t\t\t<\/div>\n\t\t\t\t<\/div>\n\t\t\t\t\t<\/div>\n\t\t<\/div>\n\t\t\t\t\t\t\t<\/div>\n\t\t<\/section>\n\t\t\t\t\t\t\t<\/div>\n\t\t","protected":false},"excerpt":{"rendered":"<p>Workshop in Baza Location: Calle Agua, 22 E-mail: info@guitarrasdamadebaza.es Phone: 600 204 710 \/ 958 700 783 Schedule Monday to Friday: 10h to 13:30h | 17h to 20:15h. Saturday:10h to 13:30h Artisans and dedication Ask us about our services Contact [&hellip;]<\/p>\n","protected":false},"author":1,"featured_media":0,"parent":0,"menu_order":0,"comment_status":"closed","ping_status":"closed","template":"full-width.php","meta":[],"yoast_head":"<!-- This site is optimized with the Yoast SEO Premium plugin v18.2.1 (Yoast SEO v18.4.1) - https:\/\/yoast.com\/wordpress\/plugins\/seo\/ -->\n<title>Contact - Guitarras Dama de Baza<\/title>\n<meta name=\"robots\" content=\"index, follow, max-snippet:-1, max-image-preview:large, max-video-preview:-1\" \/>\n<link rel=\"canonical\" href=\"https:\/\/guitarrasdamadebaza.com\/en\/contact\/\" \/>\n<meta property=\"og:locale\" content=\"en_US\" \/>\n<meta property=\"og:type\" content=\"article\" \/>\n<meta property=\"og:title\" content=\"Contact\" \/>\n<meta property=\"og:description\" content=\"Workshop in Baza Location: Calle Agua, 22 E-mail: info@guitarrasdamadebaza.es Phone: 600 204 710 \/ 958 700 783 Schedule Monday to Friday: 10h to 13:30h | 17h to 20:15h. Saturday:10h to 13:30h Artisans and dedication Ask us about our services Contact [&hellip;]\" \/>\n<meta property=\"og:url\" content=\"https:\/\/guitarrasdamadebaza.com\/en\/contact\/\" \/>\n<meta property=\"og:site_name\" content=\"Guitarras Dama de Baza\" \/>\n<meta property=\"article:modified_time\" content=\"2023-05-10T16:30:45+00:00\" \/>\n<meta property=\"og:image\" content=\"https:\/\/guitarrasdamadebaza.com\/wp-content\/uploads\/2023\/02\/Logo-Guitarras-Dama-de-Baza.png\" \/>\n\t<meta property=\"og:image:width\" content=\"606\" \/>\n\t<meta property=\"og:image:height\" content=\"625\" \/>\n\t<meta property=\"og:image:type\" content=\"image\/png\" \/>\n<meta name=\"twitter:card\" content=\"summary_large_image\" \/>\n<meta name=\"twitter:label1\" content=\"Est. reading time\" \/>\n\t<meta name=\"twitter:data1\" content=\"1 minute\" \/>\n<script type=\"application\/ld+json\" class=\"yoast-schema-graph\">{\"@context\":\"https:\/\/schema.org\",\"@graph\":[{\"@type\":\"Organization\",\"@id\":\"https:\/\/guitarrasdamadebaza.com\/#organization\",\"name\":\"Guitarras Dama de Baza\",\"url\":\"https:\/\/guitarrasdamadebaza.com\/\",\"sameAs\":[],\"logo\":{\"@type\":\"ImageObject\",\"@id\":\"https:\/\/guitarrasdamadebaza.com\/#logo\",\"inLanguage\":\"en-US\",\"url\":\"https:\/\/guitarrasdamadebaza.com\/wp-content\/uploads\/2023\/02\/vicente-perez-checa-e1675763144982.jpg\",\"contentUrl\":\"https:\/\/guitarrasdamadebaza.com\/wp-content\/uploads\/2023\/02\/vicente-perez-checa-e1675763144982.jpg\",\"width\":960,\"height\":1280,\"caption\":\"Guitarras Dama de Baza\"},\"image\":{\"@id\":\"https:\/\/guitarrasdamadebaza.com\/#logo\"}},{\"@type\":\"WebSite\",\"@id\":\"https:\/\/guitarrasdamadebaza.com\/#website\",\"url\":\"https:\/\/guitarrasdamadebaza.com\/\",\"name\":\"Guitarras Dama de Baza\",\"description\":\"Legado y tradici\u00f3n. Guitarras de artesan\u00eda de alta calidad, tradici\u00f3n familiar y experiencia a trav\u00e9s de las \u00e9pocas de la mano de la pasi\u00f3n por el noble oficio del guitarrero.\",\"publisher\":{\"@id\":\"https:\/\/guitarrasdamadebaza.com\/#organization\"},\"potentialAction\":[{\"@type\":\"SearchAction\",\"target\":{\"@type\":\"EntryPoint\",\"urlTemplate\":\"https:\/\/guitarrasdamadebaza.com\/?s={search_term_string}\"},\"query-input\":\"required name=search_term_string\"}],\"inLanguage\":\"en-US\"},{\"@type\":\"WebPage\",\"@id\":\"https:\/\/guitarrasdamadebaza.com\/en\/contact\/#webpage\",\"url\":\"https:\/\/guitarrasdamadebaza.com\/en\/contact\/\",\"name\":\"Contact - Guitarras Dama de Baza\",\"isPartOf\":{\"@id\":\"https:\/\/guitarrasdamadebaza.com\/#website\"},\"datePublished\":\"2019-08-12T11:52:55+00:00\",\"dateModified\":\"2023-05-10T16:30:45+00:00\",\"breadcrumb\":{\"@id\":\"https:\/\/guitarrasdamadebaza.com\/en\/contact\/#breadcrumb\"},\"inLanguage\":\"en-US\",\"potentialAction\":[{\"@type\":\"ReadAction\",\"target\":[\"https:\/\/guitarrasdamadebaza.com\/en\/contact\/\"]}]},{\"@type\":\"BreadcrumbList\",\"@id\":\"https:\/\/guitarrasdamadebaza.com\/en\/contact\/#breadcrumb\",\"itemListElement\":[{\"@type\":\"ListItem\",\"position\":1,\"name\":\"Portada\",\"item\":\"https:\/\/guitarrasdamadebaza.com\/en\/\"},{\"@type\":\"ListItem\",\"position\":2,\"name\":\"Contact\"}]}]}<\/script>\n<!-- \/ Yoast SEO Premium plugin. -->","yoast_head_json":{"title":"Contact - Guitarras Dama de Baza","robots":{"index":"index","follow":"follow","max-snippet":"max-snippet:-1","max-image-preview":"max-image-preview:large","max-video-preview":"max-video-preview:-1"},"canonical":"https:\/\/guitarrasdamadebaza.com\/en\/contact\/","og_locale":"en_US","og_type":"article","og_title":"Contact","og_description":"Workshop in Baza Location: Calle Agua, 22 E-mail: info@guitarrasdamadebaza.es Phone: 600 204 710 \/ 958 700 783 Schedule Monday to Friday: 10h to 13:30h | 17h to 20:15h. Saturday:10h to 13:30h Artisans and dedication Ask us about our services Contact [&hellip;]","og_url":"https:\/\/guitarrasdamadebaza.com\/en\/contact\/","og_site_name":"Guitarras Dama de Baza","article_modified_time":"2023-05-10T16:30:45+00:00","og_image":[{"width":606,"height":625,"url":"https:\/\/guitarrasdamadebaza.com\/wp-content\/uploads\/2023\/02\/Logo-Guitarras-Dama-de-Baza.png","type":"image\/png"}],"twitter_card":"summary_large_image","twitter_misc":{"Est. reading time":"1 minute"},"schema":{"@context":"https:\/\/schema.org","@graph":[{"@type":"Organization","@id":"https:\/\/guitarrasdamadebaza.com\/#organization","name":"Guitarras Dama de Baza","url":"https:\/\/guitarrasdamadebaza.com\/","sameAs":[],"logo":{"@type":"ImageObject","@id":"https:\/\/guitarrasdamadebaza.com\/#logo","inLanguage":"en-US","url":"https:\/\/guitarrasdamadebaza.com\/wp-content\/uploads\/2023\/02\/vicente-perez-checa-e1675763144982.jpg","contentUrl":"https:\/\/guitarrasdamadebaza.com\/wp-content\/uploads\/2023\/02\/vicente-perez-checa-e1675763144982.jpg","width":960,"height":1280,"caption":"Guitarras Dama de Baza"},"image":{"@id":"https:\/\/guitarrasdamadebaza.com\/#logo"}},{"@type":"WebSite","@id":"https:\/\/guitarrasdamadebaza.com\/#website","url":"https:\/\/guitarrasdamadebaza.com\/","name":"Guitarras Dama de Baza","description":"Legado y tradici\u00f3n. Guitarras de artesan\u00eda de alta calidad, tradici\u00f3n familiar y experiencia a trav\u00e9s de las \u00e9pocas de la mano de la pasi\u00f3n por el noble oficio del guitarrero.","publisher":{"@id":"https:\/\/guitarrasdamadebaza.com\/#organization"},"potentialAction":[{"@type":"SearchAction","target":{"@type":"EntryPoint","urlTemplate":"https:\/\/guitarrasdamadebaza.com\/?s={search_term_string}"},"query-input":"required name=search_term_string"}],"inLanguage":"en-US"},{"@type":"WebPage","@id":"https:\/\/guitarrasdamadebaza.com\/en\/contact\/#webpage","url":"https:\/\/guitarrasdamadebaza.com\/en\/contact\/","name":"Contact - Guitarras Dama de Baza","isPartOf":{"@id":"https:\/\/guitarrasdamadebaza.com\/#website"},"datePublished":"2019-08-12T11:52:55+00:00","dateModified":"2023-05-10T16:30:45+00:00","breadcrumb":{"@id":"https:\/\/guitarrasdamadebaza.com\/en\/contact\/#breadcrumb"},"inLanguage":"en-US","potentialAction":[{"@type":"ReadAction","target":["https:\/\/guitarrasdamadebaza.com\/en\/contact\/"]}]},{"@type":"BreadcrumbList","@id":"https:\/\/guitarrasdamadebaza.com\/en\/contact\/#breadcrumb","itemListElement":[{"@type":"ListItem","position":1,"name":"Portada","item":"https:\/\/guitarrasdamadebaza.com\/en\/"},{"@type":"ListItem","position":2,"name":"Contact"}]}]}},"_links":{"self":[{"href":"https:\/\/guitarrasdamadebaza.com\/en\/wp-json\/wp\/v2\/pages\/5740"}],"collection":[{"href":"https:\/\/guitarrasdamadebaza.com\/en\/wp-json\/wp\/v2\/pages"}],"about":[{"href":"https:\/\/guitarrasdamadebaza.com\/en\/wp-json\/wp\/v2\/types\/page"}],"author":[{"embeddable":true,"href":"https:\/\/guitarrasdamadebaza.com\/en\/wp-json\/wp\/v2\/users\/1"}],"replies":[{"embeddable":true,"href":"https:\/\/guitarrasdamadebaza.com\/en\/wp-json\/wp\/v2\/comments?post=5740"}],"version-history":[{"count":17,"href":"https:\/\/guitarrasdamadebaza.com\/en\/wp-json\/wp\/v2\/pages\/5740\/revisions"}],"predecessor-version":[{"id":5830,"href":"https:\/\/guitarrasdamadebaza.com\/en\/wp-json\/wp\/v2\/pages\/5740\/revisions\/5830"}],"wp:attachment":[{"href":"https:\/\/guitarrasdamadebaza.com\/en\/wp-json\/wp\/v2\/media?parent=5740"}],"curies":[{"name":"wp","href":"https:\/\/api.w.org\/{rel}","templated":true}]}}