{"id":5069,"date":"2023-02-06T16:57:14","date_gmt":"2023-02-06T16:57:14","guid":{"rendered":"https:\/\/guitarrasdamadebaza.com\/?post_type=product&#038;p=5069"},"modified":"2023-11-07T13:40:18","modified_gmt":"2023-11-07T12:40:18","slug":"bandurria-gdbb","status":"publish","type":"product","link":"https:\/\/guitarrasdamadebaza.com\/en\/artesania\/bandurria-gdbb\/","title":{"rendered":"Bandurria GDBB"},"content":{"rendered":"","protected":false},"excerpt":{"rendered":"","protected":false},"featured_media":5416,"template":"","meta":[],"product_cat":[88,87],"product_tag":[],"yoast_head":"<!-- This site is optimized with the Yoast SEO Premium plugin v18.2.1 (Yoast SEO v18.4.1) - https:\/\/yoast.com\/wordpress\/plugins\/seo\/ -->\n<title>Bandurria GDBB - Guitarras Dama de Baza<\/title>\n<meta name=\"robots\" content=\"noindex, follow\" \/>\n<meta property=\"og:locale\" content=\"en_US\" \/>\n<meta property=\"og:type\" content=\"article\" \/>\n<meta property=\"og:title\" content=\"Bandurria GDBB\" \/>\n<meta property=\"og:url\" content=\"https:\/\/guitarrasdamadebaza.com\/artesania\/bandurria-gdbb\/\" \/>\n<meta property=\"og:site_name\" content=\"Guitarras Dama de Baza\" \/>\n<meta property=\"article:modified_time\" content=\"2023-11-07T12:40:18+00:00\" \/>\n<meta property=\"og:image\" content=\"https:\/\/guitarrasdamadebaza.com\/wp-content\/uploads\/2023\/02\/bandurria-cipres-1.jpg\" \/>\n\t<meta property=\"og:image:width\" content=\"835\" \/>\n\t<meta property=\"og:image:height\" content=\"1600\" \/>\n\t<meta property=\"og:image:type\" content=\"image\/jpeg\" \/>\n<meta name=\"twitter:card\" content=\"summary_large_image\" \/>\n<script type=\"application\/ld+json\" class=\"yoast-schema-graph\">{\"@context\":\"https:\/\/schema.org\",\"@graph\":[{\"@type\":\"Organization\",\"@id\":\"https:\/\/guitarrasdamadebaza.com\/#organization\",\"name\":\"Guitarras Dama de Baza\",\"url\":\"https:\/\/guitarrasdamadebaza.com\/\",\"sameAs\":[],\"logo\":{\"@type\":\"ImageObject\",\"@id\":\"https:\/\/guitarrasdamadebaza.com\/#logo\",\"inLanguage\":\"en-US\",\"url\":\"https:\/\/guitarrasdamadebaza.com\/wp-content\/uploads\/2023\/02\/vicente-perez-checa-e1675763144982.jpg\",\"contentUrl\":\"https:\/\/guitarrasdamadebaza.com\/wp-content\/uploads\/2023\/02\/vicente-perez-checa-e1675763144982.jpg\",\"width\":960,\"height\":1280,\"caption\":\"Guitarras Dama de Baza\"},\"image\":{\"@id\":\"https:\/\/guitarrasdamadebaza.com\/#logo\"}},{\"@type\":\"WebSite\",\"@id\":\"https:\/\/guitarrasdamadebaza.com\/#website\",\"url\":\"https:\/\/guitarrasdamadebaza.com\/\",\"name\":\"Guitarras Dama de Baza\",\"description\":\"Legado y tradici\u00f3n. Guitarras de artesan\u00eda de alta calidad, tradici\u00f3n familiar y experiencia a trav\u00e9s de las \u00e9pocas de la mano de la pasi\u00f3n por el noble oficio del guitarrero.\",\"publisher\":{\"@id\":\"https:\/\/guitarrasdamadebaza.com\/#organization\"},\"potentialAction\":[{\"@type\":\"SearchAction\",\"target\":{\"@type\":\"EntryPoint\",\"urlTemplate\":\"https:\/\/guitarrasdamadebaza.com\/?s={search_term_string}\"},\"query-input\":\"required name=search_term_string\"}],\"inLanguage\":\"en-US\"},{\"@type\":\"ImageObject\",\"@id\":\"https:\/\/guitarrasdamadebaza.com\/artesania\/bandurria-gdbb\/#primaryimage\",\"inLanguage\":\"en-US\",\"url\":\"https:\/\/guitarrasdamadebaza.com\/wp-content\/uploads\/2023\/02\/bandurria-cipres-1.jpg\",\"contentUrl\":\"https:\/\/guitarrasdamadebaza.com\/wp-content\/uploads\/2023\/02\/bandurria-cipres-1.jpg\",\"width\":835,\"height\":1600},{\"@type\":\"WebPage\",\"@id\":\"https:\/\/guitarrasdamadebaza.com\/artesania\/bandurria-gdbb\/#webpage\",\"url\":\"https:\/\/guitarrasdamadebaza.com\/artesania\/bandurria-gdbb\/\",\"name\":\"Bandurria GDBB - Guitarras Dama de Baza\",\"isPartOf\":{\"@id\":\"https:\/\/guitarrasdamadebaza.com\/#website\"},\"primaryImageOfPage\":{\"@id\":\"https:\/\/guitarrasdamadebaza.com\/artesania\/bandurria-gdbb\/#primaryimage\"},\"datePublished\":\"2023-02-06T16:57:14+00:00\",\"dateModified\":\"2023-11-07T12:40:18+00:00\",\"breadcrumb\":{\"@id\":\"https:\/\/guitarrasdamadebaza.com\/artesania\/bandurria-gdbb\/#breadcrumb\"},\"inLanguage\":\"en-US\",\"potentialAction\":[{\"@type\":\"ReadAction\",\"target\":[\"https:\/\/guitarrasdamadebaza.com\/artesania\/bandurria-gdbb\/\"]}]},{\"@type\":\"BreadcrumbList\",\"@id\":\"https:\/\/guitarrasdamadebaza.com\/artesania\/bandurria-gdbb\/#breadcrumb\",\"itemListElement\":[{\"@type\":\"ListItem\",\"position\":1,\"name\":\"Portada\",\"item\":\"https:\/\/guitarrasdamadebaza.com\/en\/\"},{\"@type\":\"ListItem\",\"position\":2,\"name\":\"Shop\",\"item\":\"https:\/\/guitarrasdamadebaza.com\/en\/shop\/\"},{\"@type\":\"ListItem\",\"position\":3,\"name\":\"Bandurria GDBB\"}]}]}<\/script>\n<!-- \/ Yoast SEO Premium plugin. -->","yoast_head_json":{"title":"Bandurria GDBB - Guitarras Dama de Baza","robots":{"index":"noindex","follow":"follow"},"og_locale":"en_US","og_type":"article","og_title":"Bandurria GDBB","og_url":"https:\/\/guitarrasdamadebaza.com\/artesania\/bandurria-gdbb\/","og_site_name":"Guitarras Dama de Baza","article_modified_time":"2023-11-07T12:40:18+00:00","og_image":[{"width":835,"height":1600,"url":"https:\/\/guitarrasdamadebaza.com\/wp-content\/uploads\/2023\/02\/bandurria-cipres-1.jpg","type":"image\/jpeg"}],"twitter_card":"summary_large_image","schema":{"@context":"https:\/\/schema.org","@graph":[{"@type":"Organization","@id":"https:\/\/guitarrasdamadebaza.com\/#organization","name":"Guitarras Dama de Baza","url":"https:\/\/guitarrasdamadebaza.com\/","sameAs":[],"logo":{"@type":"ImageObject","@id":"https:\/\/guitarrasdamadebaza.com\/#logo","inLanguage":"en-US","url":"https:\/\/guitarrasdamadebaza.com\/wp-content\/uploads\/2023\/02\/vicente-perez-checa-e1675763144982.jpg","contentUrl":"https:\/\/guitarrasdamadebaza.com\/wp-content\/uploads\/2023\/02\/vicente-perez-checa-e1675763144982.jpg","width":960,"height":1280,"caption":"Guitarras Dama de Baza"},"image":{"@id":"https:\/\/guitarrasdamadebaza.com\/#logo"}},{"@type":"WebSite","@id":"https:\/\/guitarrasdamadebaza.com\/#website","url":"https:\/\/guitarrasdamadebaza.com\/","name":"Guitarras Dama de Baza","description":"Legado y tradici\u00f3n. Guitarras de artesan\u00eda de alta calidad, tradici\u00f3n familiar y experiencia a trav\u00e9s de las \u00e9pocas de la mano de la pasi\u00f3n por el noble oficio del guitarrero.","publisher":{"@id":"https:\/\/guitarrasdamadebaza.com\/#organization"},"potentialAction":[{"@type":"SearchAction","target":{"@type":"EntryPoint","urlTemplate":"https:\/\/guitarrasdamadebaza.com\/?s={search_term_string}"},"query-input":"required name=search_term_string"}],"inLanguage":"en-US"},{"@type":"ImageObject","@id":"https:\/\/guitarrasdamadebaza.com\/artesania\/bandurria-gdbb\/#primaryimage","inLanguage":"en-US","url":"https:\/\/guitarrasdamadebaza.com\/wp-content\/uploads\/2023\/02\/bandurria-cipres-1.jpg","contentUrl":"https:\/\/guitarrasdamadebaza.com\/wp-content\/uploads\/2023\/02\/bandurria-cipres-1.jpg","width":835,"height":1600},{"@type":"WebPage","@id":"https:\/\/guitarrasdamadebaza.com\/artesania\/bandurria-gdbb\/#webpage","url":"https:\/\/guitarrasdamadebaza.com\/artesania\/bandurria-gdbb\/","name":"Bandurria GDBB - Guitarras Dama de Baza","isPartOf":{"@id":"https:\/\/guitarrasdamadebaza.com\/#website"},"primaryImageOfPage":{"@id":"https:\/\/guitarrasdamadebaza.com\/artesania\/bandurria-gdbb\/#primaryimage"},"datePublished":"2023-02-06T16:57:14+00:00","dateModified":"2023-11-07T12:40:18+00:00","breadcrumb":{"@id":"https:\/\/guitarrasdamadebaza.com\/artesania\/bandurria-gdbb\/#breadcrumb"},"inLanguage":"en-US","potentialAction":[{"@type":"ReadAction","target":["https:\/\/guitarrasdamadebaza.com\/artesania\/bandurria-gdbb\/"]}]},{"@type":"BreadcrumbList","@id":"https:\/\/guitarrasdamadebaza.com\/artesania\/bandurria-gdbb\/#breadcrumb","itemListElement":[{"@type":"ListItem","position":1,"name":"Portada","item":"https:\/\/guitarrasdamadebaza.com\/en\/"},{"@type":"ListItem","position":2,"name":"Shop","item":"https:\/\/guitarrasdamadebaza.com\/en\/shop\/"},{"@type":"ListItem","position":3,"name":"Bandurria GDBB"}]}]}},"_links":{"self":[{"href":"https:\/\/guitarrasdamadebaza.com\/en\/wp-json\/wp\/v2\/product\/5069"}],"collection":[{"href":"https:\/\/guitarrasdamadebaza.com\/en\/wp-json\/wp\/v2\/product"}],"about":[{"href":"https:\/\/guitarrasdamadebaza.com\/en\/wp-json\/wp\/v2\/types\/product"}],"wp:featuredmedia":[{"embeddable":true,"href":"https:\/\/guitarrasdamadebaza.com\/en\/wp-json\/wp\/v2\/media\/5416"}],"wp:attachment":[{"href":"https:\/\/guitarrasdamadebaza.com\/en\/wp-json\/wp\/v2\/media?parent=5069"}],"wp:term":[{"taxonomy":"product_cat","embeddable":true,"href":"https:\/\/guitarrasdamadebaza.com\/en\/wp-json\/wp\/v2\/product_cat?post=5069"},{"taxonomy":"product_tag","embeddable":true,"href":"https:\/\/guitarrasdamadebaza.com\/en\/wp-json\/wp\/v2\/product_tag?post=5069"}],"curies":[{"name":"wp","href":"https:\/\/api.w.org\/{rel}","templated":true}]}}